{"id":14768,"date":"2012-11-18T10:44:01","date_gmt":"2012-11-18T10:44:01","guid":{"rendered":"http:\/\/www.milas-deli.com\/?page_id=14768"},"modified":"2016-08-26T15:54:07","modified_gmt":"2016-08-26T15:54:07","slug":"impressum","status":"publish","type":"page","link":"http:\/\/www.milas-deli.com\/?page_id=14768","title":{"rendered":"Impressum"},"content":{"rendered":"<p>Impressum<\/p>\n<p>Susanne Irmer<br \/>\nSlicherstr. 7<br \/>\n30163 Hannover<br \/>\neMail: <a href=\"mailto:info@milas-deli.com\">info@milas-deli.com<\/a><\/p>\n<p>Inhaltlich verantwortliche Person gem\u00e4\u00df \u00a7 55 Rundfunkstaatsvertrag: Susanne Irmer<br \/>\nHaftungshinweis: Trotz sorgf\u00e4ltiger inhaltlicher Kontrolle \u00fcbernehme ich keine Haftung f\u00fcr die Inhalte externer Links. F\u00fcr den Inhalt der verlinkten Seiten sind ausschlie\u00dflich deren Betreiber verantwortlich.<\/p>\n","protected":false},"excerpt":{"rendered":"<p>Impressum Susanne Irmer Slicherstr. 7 30163 Hannover eMail: info@milas-deli.com Inhaltlich verantwortliche Person gem\u00e4\u00df \u00a7 55 Rundfunkstaatsvertrag: Susanne Irmer Haftungshinweis: Trotz sorgf\u00e4ltiger inhaltlicher Kontrolle \u00fcbernehme ich keine Haftung f\u00fcr die Inhalte externer Links. F\u00fcr den Inhalt der verlinkten Seiten sind ausschlie\u00dflich &hellip; <a href=\"http:\/\/www.milas-deli.com\/?page_id=14768\">Weiterlesen <span class=\"meta-nav\">&rarr;<\/span><\/a><\/p>\n","protected":false},"author":1,"featured_media":0,"parent":0,"menu_order":0,"comment_status":"open","ping_status":"open","template":"","meta":{"footnotes":""},"class_list":["post-14768","page","type-page","status-publish","hentry"],"_links":{"self":[{"href":"http:\/\/www.milas-deli.com\/index.php?rest_route=\/wp\/v2\/pages\/14768"}],"collection":[{"href":"http:\/\/www.milas-deli.com\/index.php?rest_route=\/wp\/v2\/pages"}],"about":[{"href":"http:\/\/www.milas-deli.com\/index.php?rest_route=\/wp\/v2\/types\/page"}],"author":[{"embeddable":true,"href":"http:\/\/www.milas-deli.com\/index.php?rest_route=\/wp\/v2\/users\/1"}],"replies":[{"embeddable":true,"href":"http:\/\/www.milas-deli.com\/index.php?rest_route=%2Fwp%2Fv2%2Fcomments&post=14768"}],"version-history":[{"count":7,"href":"http:\/\/www.milas-deli.com\/index.php?rest_route=\/wp\/v2\/pages\/14768\/revisions"}],"predecessor-version":[{"id":21992,"href":"http:\/\/www.milas-deli.com\/index.php?rest_route=\/wp\/v2\/pages\/14768\/revisions\/21992"}],"wp:attachment":[{"href":"http:\/\/www.milas-deli.com\/index.php?rest_route=%2Fwp%2Fv2%2Fmedia&parent=14768"}],"curies":[{"name":"wp","href":"https:\/\/api.w.org\/{rel}","templated":true}]}}