{"id":2,"date":"2011-02-18T11:14:27","date_gmt":"2011-02-18T11:14:27","guid":{"rendered":"http:\/\/www.milas-deli.com\/?page_id=2"},"modified":"2018-06-05T12:12:07","modified_gmt":"2018-06-05T12:12:07","slug":"eine-seite","status":"publish","type":"page","link":"http:\/\/www.milas-deli.com\/?page_id=2","title":{"rendered":""},"content":{"rendered":"<p><a href=\"http:\/\/www.hannover-webdesigner.com\/wordpress\/wp-content\/uploads\/2011\/02\/rezepte.gif\"><img loading=\"lazy\" decoding=\"async\" title=\"rezepte\" src=\"http:\/\/www.hannover-webdesigner.com\/wordpress\/wp-content\/uploads\/2011\/02\/rezepte.gif\" alt=\"\" width=\"81\" height=\"20\" \/><\/a><\/p>\n<h3>Brot und Br\u00f6tchen:<\/h3>\n<ul>\n<li><a href=\"http:\/\/www.milas-deli.com\/?p=11354\">Schokoladen-Brot<\/a><\/li>\n<li><a href=\"http:\/\/www.milas-deli.com\/?p=9721\">Orangenzopf mit Mohn<\/a><\/li>\n<li><a href=\"http:\/\/www.milas-deli.com\/?p=7724\">Bananenbr\u00f6tchen<\/a><\/li>\n<li><a href=\"http:\/\/www.milas-deli.com\/?p=16948\">Bananenbrot mit Hirse<\/a><\/li>\n<li><a href=\"http:\/\/www.milas-deli.com\/?p=19919\">Bananenbrot mit karamellisierter Banane<\/a><\/li>\n<li><a href=\"http:\/\/www.milas-deli.com\/?p=7114\">Lussekatter<\/a><\/li>\n<li><a href=\"http:\/\/www.milas-deli.com\/?p=15198\">Lusseknutar<\/a><\/li>\n<li><a href=\"http:\/\/www.milas-deli.com\/?p=7074\">S\u00fc\u00dfe Walnu\u00dfbr\u00f6tchen<\/a><\/li>\n<li><a href=\"http:\/\/www.milas-deli.com\/?p=5957\">Joghurt Biscuits<\/a><\/li>\n<li><a href=\"http:\/\/www.milas-deli.com\/?p=5027\">Brioche<\/a><\/li>\n<li><a href=\"http:\/\/www.milas-deli.com\/?p=2242\">Aprikosenbrot<\/a><\/li>\n<li><a href=\"http:\/\/www.milas-deli.com\/?p=535\">Brot ohne kneten<\/a><\/li>\n<li><a href=\"http:\/\/www.milas-deli.com\/?p=13321\">Skolebr\u00f8d<\/a><\/li>\n<li><a href=\"http:\/\/www.milas-deli.com\/?p=14217\">S\u00fc\u00dfes Orangen-Fenchel Geflecht<\/a><\/li>\n<li><a href=\"http:\/\/www.milas-deli.com\/?p=14597\">Joghurt Fladenbrot <\/a><\/li>\n<li><a href=\"http:\/\/www.milas-deli.com\/?p=15316\">Buttermilch Fantails<\/a><\/li>\n<li><a href=\"http:\/\/www.milas-deli.com\/?p=15516\">Schokoladen Birne Hot Cross Buns <\/a><\/li>\n<li><a href=\"http:\/\/www.milas-deli.com\/?p=15807\">Hafer-Weizen Brot ohne Hefe<\/a><\/li>\n<li><a href=\"http:\/\/www.milas-deli.com\/?p=16534\">K\u00f6rnerbrot ohne Kneten und ohne Mehl<\/a><\/li>\n<li><a href=\"http:\/\/www.milas-deli.com\/?p=17510\">Dinkeltoast<\/a><\/li>\n<li><a href=\"http:\/\/www.milas-deli.com\/?p=17606\">Rosmarin-Rosinen Br\u00f6tchen <\/a><\/li>\n<li><a href=\"http:\/\/www.milas-deli.com\/?p=19722\">Kn\u00e4ckebrot<\/a><\/li>\n<li><a href=\"http:\/\/www.milas-deli.com\/?p=19998\">Sauerteigstuten<\/a><\/li>\n<li><a href=\"http:\/\/www.milas-deli.com\/?p=20205\">Einfaches Dinkelbrot von Sanda Pagaimo<\/a><\/li>\n<li><a href=\"http:\/\/www.milas-deli.com\/?p=20283\">Piadina -klassisch-<\/a><\/li>\n<li><a href=\"http:\/\/www.milas-deli.com\/?p=20283\">Zitroniges Rosmarin Fladenbrot aus der Pfanne<\/a><\/li>\n<li><a href=\"http:\/\/www.milas-deli.com\/?p=20283\">K\u00f6rniges Naan Fr\u00fchst\u00fccks-Brot<\/a><\/li>\n<li><a href=\"http:\/\/www.milas-deli.com\/?p=20883\">Geschummeltes Weizen Sauerteigbrot ohne Kneten<\/a><\/li>\n<li><a href=\"http:\/\/www.milas-deli.com\/?p=21672\">Weizen-Hafer Sauerteigbrot mit getrockneten Fr\u00fcchten<\/a><\/li>\n<li><a href=\"http:\/\/www.milas-deli.com\/?p=21498\">Aludtejes vajas kifli \/ Dickmilch Butterh\u00f6rnchen mit Sauerteig<\/a><\/li>\n<li><a href=\"http:\/\/www.milas-deli.com\/?p=21498\">Brioche mit Sauerteig<\/a><\/li>\n<li><a href=\"http:\/\/www.milas-deli.com\/?p=22027\">Roggenbrot mit Sauerteig<\/a><\/li>\n<li><a href=\"http:\/\/www.milas-deli.com\/?p=22004\">Kinderbr\u00f6tchen<\/a><\/li>\n<li><a href=\"http:\/\/www.milas-deli.com\/?p=22433\">Christstollen<\/a><\/li>\n<li><a href=\"http:\/\/www.milas-deli.com\/?p=22540\">Gek\u00f6rntes Roggen-Weizen-Sauerteig<\/a><\/li>\n<li><a href=\"http:\/\/www.milas-deli.com\/?p=22671\">Roggen-Weizen-Sauerteig mit Bananen Altbrot<\/a><\/li>\n<li><a href=\"http:\/\/www.milas-deli.com\/?p=22671\">Overnight Country Blonde \u2013 Reines Levain Landbrot<\/a><\/li>\n<li><a href=\"http:\/\/www.milas-deli.com\/?p=22762\">Pane di Pugliese<\/a><\/li>\n<li><a href=\"http:\/\/www.milas-deli.com\/?p=22762\">Semolinabrot mit Sonnenblumenkernen<\/a><\/li>\n<li><a href=\"http:\/\/www.milas-deli.com\/?p=22947\">Houthakker mit Rosinen und Haseln\u00fcssen<\/a><\/li>\n<li><a href=\"http:\/\/www.milas-deli.com\/?p=23883\">Finnisches Kartoffel-Fladenbrot<\/a><\/li>\n<li><a href=\"http:\/\/www.milas-deli.com\/?p=24939\">Kartoffel Challah<\/a><\/li>\n<\/ul>\n<h3 id=\"rezept-title\">Kuchen:<\/h3>\n<ul>\n<li><a href=\"http:\/\/www.milas-deli.com\/?p=11014\">Roggen-Rhabarber-K\u00fcchlein<\/a><\/li>\n<li><a href=\"http:\/\/www.milas-deli.com\/?p=10385\">M\u00f6hren-Kuchen<\/a><\/li>\n<li><a href=\"http:\/\/www.milas-deli.com\/?p=9260\">Schokolade-Birnen Clafoutis<\/a><\/li>\n<li><a href=\"http:\/\/www.milas-deli.com\/?p=8667\">Apfelkuchen mit Streuseln<\/a><\/li>\n<li><a href=\"http:\/\/www.milas-deli.com\/?p=6824\">Topfkuchen-Minis<\/a><\/li>\n<li><a href=\"http:\/\/www.milas-deli.com\/?p=3838\">Apfelstrudel mit Ziehteig<\/a><\/li>\n<li><a href=\"http:\/\/www.milas-deli.com\/?p=3107\">Zwetschgen\u2013Mohn Kuchen<\/a><\/li>\n<li><a href=\"http:\/\/www.milas-deli.com\/?p=3040\">Oreo-K\u00e4sek\u00fcchlein<\/a><\/li>\n<li><a href=\"http:\/\/www.milas-deli.com\/?p=1137\">Portugiesischer Fr\u00fchst\u00fcckskuchen<\/a><\/li>\n<li><a href=\"http:\/\/www.milas-deli.com\/?p=427\">Schokot\u00f6rtchen<\/a><\/li>\n<li><a href=\"http:\/\/www.milas-deli.com\/?p=11469\">Nektarinen-Tarte<\/a><\/li>\n<li><a href=\"http:\/\/www.milas-deli.com\/?p=12085\">Nektarinen-Kardamon-Galette<\/a><\/li>\n<li><a href=\"http:\/\/www.milas-deli.com\/?p=12307\">Blaubeer-Marzipan-Kastenkuchen<\/a><\/li>\n<li><a href=\"http:\/\/www.milas-deli.com\/?p=14433\">Scones Quitte-Ahorn-Haselnu\u00df<\/a><\/li>\n<li><a href=\"http:\/\/www.milas-deli.com\/?p=12396\">Peach Cobbler Scones<\/a><\/li>\n<li><a href=\"http:\/\/www.milas-deli.com\/?p=15938\">Amerikanische Erdbeer-Scones<\/a><\/li>\n<li><a href=\"http:\/\/www.milas-deli.com\/?p=12510\">S\u00fc\u00dfe Himbeertaschen<\/a><\/li>\n<li><a href=\"http:\/\/www.milas-deli.com\/?p=12594\">Blaubeer-Strudel-Kranz<\/a><\/li>\n<li><a href=\"http:\/\/www.milas-deli.com\/?p=12694\">Tiger Cake<\/a><\/li>\n<li><a href=\"http:\/\/www.milas-deli.com\/?p=13009\">Popovers<\/a><\/li>\n<li><a href=\"http:\/\/www.milas-deli.com\/?p=12946\">Mirabellen-Tartlettes<\/a><\/li>\n<li><a href=\"http:\/\/www.milas-deli.com\/?p=13096\">Zwetschgen-Tarte<\/a><\/li>\n<li><a href=\"http:\/\/www.milas-deli.com\/?p=13476\">Haferflockenkuchen mit Beeren<\/a><\/li>\n<li><a href=\"http:\/\/www.milas-deli.com\/?p=13557\">Safran-Ricotta T\u00f6rtchen<\/a><\/li>\n<li><a href=\"http:\/\/www.milas-deli.com\/?p=13978\">M\u00fcrbes Marzipan mit Apfel<\/a><\/li>\n<li><a href=\"http:\/\/www.milas-deli.com\/?p=14549\">Weihnachtliche Quarkb\u00e4llchen<\/a><\/li>\n<li><a href=\"http:\/\/www.milas-deli.com\/?p=14985\">Schokoladen R\u00f6llchen<\/a><\/li>\n<li><a href=\"http:\/\/www.milas-deli.com\/?p=15414\">Frischk\u00e4se Galette mit Blutorange<\/a><\/li>\n<li><a href=\"http:\/\/www.milas-deli.com\/?p=15900\">Sommerbeeren-Galette<\/a><\/li>\n<li><a href=\"http:\/\/www.milas-deli.com\/?p=16031\">Rhabarber Streusel Coffee Cake<\/a><\/li>\n<li><a href=\"http:\/\/www.milas-deli.com\/?p=16263\">Sponge Cake mit Wei\u00dfer Schokolade<\/a><\/li>\n<li><a href=\"http:\/\/www.milas-deli.com\/?p=16469\">Erdbeer Tartlettes \u00e0 la fran\u00e7aise<\/a><\/li>\n<li><a href=\"http:\/\/www.milas-deli.com\/?p=16634\">Holunderbl\u00fcten Kuchen<\/a><\/li>\n<li><a href=\"http:\/\/www.milas-deli.com\/?p=16769\">Aprikosen \u2018verkehrt herum\u2019 Kuchen<\/a><\/li>\n<li><a href=\"http:\/\/www.milas-deli.com\/?p=16838\">Joghurt Streusel Kuchen mit Nektarine und Beere<\/a><\/li>\n<li><a href=\"http:\/\/www.milas-deli.com\/?p=17012\">Apfelkuchen<\/a><\/li>\n<li><a href=\"http:\/\/www.milas-deli.com\/?p=17382\">Streusel-Birnen-Schokoladenkuchen<\/a><\/li>\n<li><a href=\"http:\/\/www.milas-deli.com\/?p=17642\">Quinoa Schokoladenkuchen<\/a><\/li>\n<li><a href=\"http:\/\/www.milas-deli.com\/?p=17702\">Herrenkuchen<\/a><\/li>\n<li><a href=\"http:\/\/www.milas-deli.com\/?p=18021\">Bananenkuchen mit Himbeere<\/a><\/li>\n<li><a href=\"http:\/\/www.milas-deli.com\/?p=17751\">Hefewaffeln<\/a><\/li>\n<li><a href=\"http:\/\/www.milas-deli.com\/?p=17751\">Magic Custard Cake<\/a><\/li>\n<li><a href=\"http:\/\/www.milas-deli.com\/?p=18202\">Buttermilch Pistazien Frangipane Kuchen<\/a><\/li>\n<li><a href=\"http:\/\/www.milas-deli.com\/?p=18367\">Roggen-Rhabarber-Joghurt-Tartlets<\/a><\/li>\n<li><a href=\"http:\/\/www.milas-deli.com\/?p=18242\">Buchweizen-Birnen-Galette<\/a><\/li>\n<li><a href=\"http:\/\/www.milas-deli.com\/?p=18487\">Rhabarber Tartlets mit Maismehl<\/a><\/li>\n<li><a href=\"http:\/\/www.milas-deli.com\/?p=18878\">Kastanie-Orange-Vanille-Feigen-Scones<\/a><\/li>\n<li><a href=\"http:\/\/www.milas-deli.com\/?p=18874\">Orangen-Kardamom-Kuchen<\/a><\/li>\n<li><a href=\"http:\/\/www.milas-deli.com\/?p=19273\">Zitronen-Ricotta-Mandel-Torte mit Kardamom-Brombeere<\/a><\/li>\n<li><a href=\"http:\/\/www.milas-deli.com\/?p=19384\">Blutorangen-upside-down-Kuchen <\/a><\/li>\n<li><a href=\"http:\/\/www.milas-deli.com\/?p=19448\">Muldoshin \u2013 Apfelstrudel<\/a><\/li>\n<li><a href=\"http:\/\/www.milas-deli.com\/?p=19252\">Schwarzw\u00e4lder Schokokuchen<\/a><\/li>\n<li><a href=\"http:\/\/www.milas-deli.com\/?p=20430\">Ingwer-Birne-Nuss-Kuchen<\/a><\/li>\n<li><a href=\"http:\/\/www.milas-deli.com\/?p=20620\">Quitten-Kuchen<\/a><\/li>\n<li><a href=\"http:\/\/www.milas-deli.com\/?p=25083\">M\u00f6hre-Sesam-Kastenkuchen<\/a><\/li>\n<li><a href=\"http:\/\/www.milas-deli.com\/?p=25160\">Tarte au citron<\/a><\/li>\n<li><a href=\"http:\/\/www.milas-deli.com\/?p=25138\">cake au citron<\/a><\/li>\n<\/ul>\n<h3 class=\"rezept-title\">Kekse:<\/h3>\n<ul>\n<li><a href=\"http:\/\/www.milas-deli.com\/?p=9344\">Gef\u00fcllte W\u00f6lkchen<\/a><\/li>\n<li><a href=\"http:\/\/www.milas-deli.com\/?p=9052\">Sesam Tahini Cookies<\/a><\/li>\n<li><a href=\"http:\/\/www.milas-deli.com\/?p=7223\">Limetten-Rum-Pferdchen<\/a><\/li>\n<li><a href=\"http:\/\/www.milas-deli.com\/?p=6659\">Zuckerpl\u00e4tzchen<\/a><\/li>\n<li><a href=\"http:\/\/www.milas-deli.com\/?p=6362\">Preiselbeer-Schnecken<\/a><\/li>\n<li><a href=\"http:\/\/www.milas-deli.com\/?p=13174\">Gef\u00fcllte Herzen<\/a><\/li>\n<li><a href=\"http:\/\/www.milas-deli.com\/?p=13412\">Schokoladen Sabl\u00e9<\/a><\/li>\n<li><a href=\"http:\/\/www.milas-deli.com\/?p=13412\">Mandel Sabl\u00e9<\/a><\/li>\n<li><a href=\"http:\/\/www.milas-deli.com\/?p=15668\">Apfel und Karotte Fr\u00fchst\u00fcckskekse<\/a><\/li>\n<li><a href=\"http:\/\/www.milas-deli.com\/?p=19132\">Safran-Preiselbeere-Geb\u00e4ck<\/a><\/li>\n<li><a href=\"http:\/\/www.milas-deli.com\/?p=23803\">Kardamom Kekse<\/a><\/li>\n<li><a href=\"http:\/\/www.milas-deli.com\/?p=24886\">Pfefferkuchen<\/a><\/li>\n<\/ul>\n<h3 class=\"rezept-title\">Herzhaftes:<\/h3>\n<ul>\n<li><a href=\"http:\/\/www.milas-deli.com\/?p=11196\">Zucchini-Pesto<\/a><\/li>\n<li><a href=\"http:\/\/www.milas-deli.com\/?p=11052\">Spargel im Teigmantel<\/a><\/li>\n<li><a href=\"http:\/\/www.milas-deli.com\/?p=10704\">Mozzarella-Carpaccio<\/a><\/li>\n<li><a href=\"http:\/\/www.milas-deli.com\/?p=10608\">Rotkohl-Apfel-Salat<\/a><\/li>\n<li><a href=\"http:\/\/www.milas-deli.com\/?p=10418\">Streuselpasta mit Erbsensalat<\/a><\/li>\n<li><a href=\"http:\/\/www.milas-deli.com\/?p=10232\">Pfefferminz-Pizza<\/a><\/li>\n<li><a href=\"http:\/\/www.milas-deli.com\/?p=9120\">Pikantes Linsengericht<\/a><\/li>\n<li><a href=\"http:\/\/www.milas-deli.com\/?p=6913\">M\u00f6hren Steckr\u00fcben Curry<\/a><\/li>\n<li><a href=\"http:\/\/www.milas-deli.com\/?p=6752\">Schichteintopf<\/a><\/li>\n<li><a href=\"http:\/\/www.milas-deli.com\/?p=5690\">M\u00f6hren-Curry Quiche<\/a><\/li>\n<li><a href=\"http:\/\/www.milas-deli.com\/?p=5231\">Gelbe Suppe<\/a><\/li>\n<li><a href=\"http:\/\/www.milas-deli.com\/?p=3563\">Spitzkohl\u2013Flammkuchen<\/a><\/li>\n<li><a href=\"http:\/\/www.milas-deli.com\/?p=3806\">Orangenbrotsalat<\/a><\/li>\n<li><a href=\"http:\/\/www.milas-deli.com\/?p=3470\">Linguine mit Bohnen und Pesto alla Genovese<\/a><\/li>\n<li><a href=\"http:\/\/www.milas-deli.com\/?p=3356\">Erbsen\u2013Zucchini\u2013Suppe<\/a><\/li>\n<li><a href=\"http:\/\/www.milas-deli.com\/?p=2961\">Tomaten-Pasta<\/a><\/li>\n<li><a href=\"http:\/\/www.milas-deli.com\/?p=2864\">Balsamico Rote Beete Relish<\/a><\/li>\n<li><a href=\"http:\/\/www.milas-deli.com\/?p=14597\">K\u00fcrbis Hummus<\/a><\/li>\n<li><a href=\"http:\/\/www.milas-deli.com\/?p=15106\">Kleine K\u00fcrbisstrudel<\/a><\/li>\n<li><a href=\"http:\/\/www.milas-deli.com\/?p=16348\">Schnittlauch-Eierkuchen<\/a><\/li>\n<li><a href=\"http:\/\/www.milas-deli.com\/?p=19923\">Pasta fileja &#8211; kalabrische Nudeln<\/a><\/li>\n<li><a href=\"http:\/\/www.milas-deli.com\/?p=20971\">Blutorangen Balsamico \u2013 cremig<\/a><\/li>\n<li><a href=\"http:\/\/www.milas-deli.com\/?p=23595\">Rheinische Buchweizen Pfannkuchen<\/a><\/li>\n<li><a href=\"http:\/\/www.milas-deli.com\/?p=24385\">Baby Zucchini \u2013 mit Bl\u00fcten \u2013 Piccata<\/a><\/li>\n<li><a href=\"http:\/\/www.milas-deli.com\/?p=24399\">Gr\u00fcnes Tahini<\/a><\/li>\n<\/ul>\n<h3 class=\"rezept-title\">S\u00fc\u00dfes:<\/h3>\n<ul>\n<li><a href=\"http:\/\/www.milas-deli.com\/?p=11084\">Fliederbl\u00fcten-Sirup<\/a><\/li>\n<li><a href=\"http:\/\/www.milas-deli.com\/?p=20046\">Johannisbeersaft mit \u201acold brew\u2018 wei\u00dfem Tee<\/a><\/li>\n<li><a href=\"http:\/\/www.milas-deli.com\/?p=10385\">Bananeneis<\/a><\/li>\n<li><a href=\"http:\/\/www.milas-deli.com\/?p=9959\">Frucht mit Scone Topping<\/a><\/li>\n<li><a href=\"http:\/\/www.milas-deli.com\/?p=9505\">Quark-K\u00fcsse<\/a><\/li>\n<li><a href=\"http:\/\/www.milas-deli.com\/?p=7074\">Orangen-Eierlik\u00f6r<\/a><\/li>\n<li><a href=\"http:\/\/www.milas-deli.com\/?p=6972\">Chocolate Pancakes mit Himbeeren<\/a><\/li>\n<li><a href=\"http:\/\/www.milas-deli.com\/?p=5137\">Apfel Blini<\/a><\/li>\n<li><a href=\"http:\/\/www.milas-deli.com\/?p=3586\">Classic Pancakes<\/a><\/li>\n<li><a href=\"http:\/\/www.milas-deli.com\/?p=3458\">Gebackene Amaretti\u2013Aprikosen <\/a><\/li>\n<li><a href=\"http:\/\/www.milas-deli.com\/?p=2488\">Petites Pots de Cr\u00e8me<\/a><\/li>\n<li><a href=\"http:\/\/www.milas-deli.com\/?p=11521\">Gebackener Erdbeerpudding<\/a><\/li>\n<li><a href=\"http:\/\/www.milas-deli.com\/?p=11674\">Knabbeln<\/a><\/li>\n<li><a href=\"http:\/\/www.milas-deli.com\/?p=12854\">Gebackener Schwarzw\u00e4lder-Kirsch-Quark<\/a><\/li>\n<li><a href=\"http:\/\/www.milas-deli.com\/?p=13753\">Quittenmarmelade<\/a><\/li>\n<li><a href=\"http:\/\/www.milas-deli.com\/?p=14897\">Pancakes Zitrone-Mohn <\/a><\/li>\n<li><a href=\"http:\/\/www.milas-deli.com\/?p=25612\">Holunderbl\u00fctengelee mit Apfelsaft<\/a><\/li>\n<li><a href=\"http:\/\/www.milas-deli.com\/?p=16534\">Holunderbl\u00fctengelee mit Birnensaft<\/a><\/li>\n<li><a href=\"http:\/\/www.milas-deli.com\/?p=16634\">Holunderbl\u00fctensirup<\/a><\/li>\n<li><a href=\"http:\/\/www.milas-deli.com\/?p=20689\">Hagebutten-Marmelade<\/a><\/li>\n<li><a href=\"http:\/\/www.milas-deli.com\/?p=22027\">Hagebutten-Birne-Minz-Gelee<\/a><\/li>\n<li><a href=\"http:\/\/www.milas-deli.com\/?p=18888\">Chai Granola<\/a><\/li>\n<li><a href=\"http:\/\/www.milas-deli.com\/?p=20943\">Erdnu\u00df Granola<\/a><\/li>\n<li><a href=\"http:\/\/www.milas-deli.com\/?p=19998\">Kirschkompott mit Amaretto<\/a><\/li>\n<li><a href=\"http:\/\/www.milas-deli.com\/?p=20180\">Brombeer-Kardamom-Marmelade<\/a><\/li>\n<li><a href=\"http:\/\/www.milas-deli.com\/?p=20620\">Quittenmus<\/a><\/li>\n<li><a href=\"http:\/\/www.milas-deli.com\/?p=20620\">Quittenkompott<\/a><\/li>\n<li><a href=\"http:\/\/www.milas-deli.com\/?p=21412\">Hafer-Porridge<\/a><\/li>\n<li><a href=\"http:\/\/www.milas-deli.com\/?p=23883\">Blutorangen Gelee \/ Marmelade<\/a><\/li>\n<li><a href=\"http:\/\/www.milas-deli.com\/?p=24053\">Kompott aus Rhabarber, Honig und Earl Grey<\/a><\/li>\n<li><a href=\"http:\/\/www.milas-deli.com\/?p=25006\">Frischkorn M\u00fcsli<\/a><\/li>\n<\/ul>\n<p><span style=\"border-radius: 2px; text-indent: 20px; width: auto; padding: 0px 4px 0px 0px; text-align: center; font: bold 11px\/20px 'Helvetica Neue',Helvetica,sans-serif; color: #ffffff; background: #bd081c no-repeat scroll 3px 50% \/ 14px 14px; position: absolute; opacity: 1; z-index: 8675309; display: none; cursor: pointer;\">Merken<\/span><\/p>\n<p><span style=\"border-radius: 2px; text-indent: 20px; width: auto; padding: 0px 4px 0px 0px; text-align: center; font: bold 11px\/20px 'Helvetica Neue',Helvetica,sans-serif; color: #ffffff; background: #bd081c no-repeat scroll 3px 50% \/ 14px 14px; position: absolute; opacity: 1; z-index: 8675309; display: none; cursor: pointer;\">Merken<\/span><\/p>\n<p><span style=\"border-radius: 2px; text-indent: 20px; width: auto; padding: 0px 4px 0px 0px; text-align: center; font: bold 11px\/20px 'Helvetica Neue',Helvetica,sans-serif; color: #ffffff; background: #bd081c no-repeat scroll 3px 50% \/ 14px 14px; position: absolute; opacity: 1; z-index: 8675309; display: none; cursor: pointer;\">Merken<\/span><\/p>\n<p><span style=\"border-radius: 2px; text-indent: 20px; width: auto; padding: 0px 4px 0px 0px; text-align: center; font: bold 11px\/20px 'Helvetica Neue',Helvetica,sans-serif; color: #ffffff; background: #bd081c no-repeat scroll 3px 50% \/ 14px 14px; position: absolute; opacity: 1; z-index: 8675309; display: none; cursor: pointer;\">Merken<\/span><\/p>\n<p><span style=\"border-radius: 2px; text-indent: 20px; width: auto; padding: 0px 4px 0px 0px; text-align: center; font: bold 11px\/20px 'Helvetica Neue',Helvetica,sans-serif; color: #ffffff; background: #bd081c no-repeat scroll 3px 50% \/ 14px 14px; position: absolute; opacity: 1; z-index: 8675309; display: none; cursor: pointer;\">Merken<\/span><\/p>\n","protected":false},"excerpt":{"rendered":"<p>Brot und Br\u00f6tchen: Schokoladen-Brot Orangenzopf mit Mohn Bananenbr\u00f6tchen Bananenbrot mit Hirse Bananenbrot mit karamellisierter Banane Lussekatter Lusseknutar S\u00fc\u00dfe Walnu\u00dfbr\u00f6tchen Joghurt Biscuits Brioche Aprikosenbrot Brot ohne kneten Skolebr\u00f8d S\u00fc\u00dfes Orangen-Fenchel Geflecht Joghurt Fladenbrot Buttermilch Fantails Schokoladen Birne Hot Cross Buns Hafer-Weizen &hellip; <a href=\"http:\/\/www.milas-deli.com\/?page_id=2\">Weiterlesen <span class=\"meta-nav\">&rarr;<\/span><\/a><\/p>\n","protected":false},"author":1,"featured_media":0,"parent":0,"menu_order":0,"comment_status":"open","ping_status":"open","template":"","meta":{"footnotes":""},"class_list":["post-2","page","type-page","status-publish","hentry"],"_links":{"self":[{"href":"http:\/\/www.milas-deli.com\/index.php?rest_route=\/wp\/v2\/pages\/2"}],"collection":[{"href":"http:\/\/www.milas-deli.com\/index.php?rest_route=\/wp\/v2\/pages"}],"about":[{"href":"http:\/\/www.milas-deli.com\/index.php?rest_route=\/wp\/v2\/types\/page"}],"author":[{"embeddable":true,"href":"http:\/\/www.milas-deli.com\/index.php?rest_route=\/wp\/v2\/users\/1"}],"replies":[{"embeddable":true,"href":"http:\/\/www.milas-deli.com\/index.php?rest_route=%2Fwp%2Fv2%2Fcomments&post=2"}],"version-history":[{"count":114,"href":"http:\/\/www.milas-deli.com\/index.php?rest_route=\/wp\/v2\/pages\/2\/revisions"}],"predecessor-version":[{"id":25661,"href":"http:\/\/www.milas-deli.com\/index.php?rest_route=\/wp\/v2\/pages\/2\/revisions\/25661"}],"wp:attachment":[{"href":"http:\/\/www.milas-deli.com\/index.php?rest_route=%2Fwp%2Fv2%2Fmedia&parent=2"}],"curies":[{"name":"wp","href":"https:\/\/api.w.org\/{rel}","templated":true}]}}